{"id":421,"date":"2021-06-27T11:03:12","date_gmt":"2021-06-27T11:03:12","guid":{"rendered":"https:\/\/larson-demo.bslthemes.com\/?page_id=421"},"modified":"2025-01-23T08:13:47","modified_gmt":"2025-01-23T07:13:47","slug":"realisations","status":"publish","type":"page","link":"https:\/\/multitrav-est.fr\/index.php\/realisations\/","title":{"rendered":"R\u00e9alisations"},"content":{"rendered":"\t\t<div data-elementor-type=\"wp-page\" data-elementor-id=\"421\" class=\"elementor elementor-421\" data-elementor-post-type=\"page\">\n\t\t\t\t\t\t<section class=\"elementor-section elementor-top-section elementor-element elementor-element-a41e2b2 elementor-section-full_width elementor-section-height-default elementor-section-height-default\" data-id=\"a41e2b2\" data-element_type=\"section\">\n\t\t\t\t\t\t<div class=\"elementor-container elementor-column-gap-no\">\n\t\t\t\t\t<div class=\"elementor-column elementor-col-100 elementor-top-column elementor-element elementor-element-97c067e\" data-id=\"97c067e\" data-element_type=\"column\">\n\t\t\t<div class=\"elementor-widget-wrap elementor-element-populated\">\n\t\t\t\t\t\t<div class=\"elementor-element elementor-element-4f6d00e elementor-widget elementor-widget-larson-intro\" data-id=\"4f6d00e\" data-element_type=\"widget\" data-widget_type=\"larson-intro.default\">\n\t\t\t\t<div class=\"elementor-widget-container\">\n\t\t\t\n\t\t<article class=\"article\">\n\t        <header class=\"article__header\">\n\t          <div class=\"container\">\n\t            \t            <h1 class=\"article__heading heading heading--size-large\">\n\t            \t<span >\n\t\t\t\t\t\t<p>Nos r\u00e9alisations<\/p>\t\t\t\t\t<\/span>\n\t            <\/h1>\n\t            \t            \t            <div class=\"article__header-text\">\n\t            \t<span >\n\t\t\t\t\t\tD\u00e9couvrez les travaux que nous avons pu r\u00e9aliser pour nos clients.\t\t\t\t\t<\/span>\n\t            <\/div>\n\t            \t          <\/div>\n\t        <\/header>\n\t        \t    <\/article>\n\n\t\t\t\t<\/div>\n\t\t\t\t<\/div>\n\t\t\t\t\t<\/div>\n\t\t<\/div>\n\t\t\t\t\t<\/div>\n\t\t<\/section>\n\t\t\t\t<section class=\"elementor-section elementor-top-section elementor-element elementor-element-a301033 elementor-section-full_width elementor-section-height-default elementor-section-height-default\" data-id=\"a301033\" data-element_type=\"section\">\n\t\t\t\t\t\t<div class=\"elementor-container elementor-column-gap-no\">\n\t\t\t\t\t<div class=\"elementor-column elementor-col-100 elementor-top-column elementor-element elementor-element-82b94f1\" data-id=\"82b94f1\" data-element_type=\"column\">\n\t\t\t<div class=\"elementor-widget-wrap elementor-element-populated\">\n\t\t\t\t\t\t<div class=\"elementor-element elementor-element-65ce472 elementor-widget elementor-widget-larson-portfolio\" data-id=\"65ce472\" data-element_type=\"widget\" data-widget_type=\"larson-portfolio.default\">\n\t\t\t\t<div class=\"elementor-widget-container\">\n\t\t\t\n\t\t\n\t\t<div class=\"article__main article__main--width-full container\">\n\n                    <ul class=\"projects-masonry row __js_projects-grid projects-grid-col-4\">\n          \t<li class=\"grid-sizer\"><\/li>\n          \t\n\n<li class=\"projects-masonry__item col-12 col-md-6 col-xl-3 __js_masonry-item __js_building \">\n  <a class=\"card card--small card--masonry\" href=\"https:\/\/multitrav-est.fr\/index.php\/portfolio\/item\/projet-1\/\">\n        <div class=\"card__image\">\n      <img decoding=\"async\" src=\"https:\/\/multitrav-est.fr\/wp-content\/uploads\/2025\/01\/photo_6_2025-01-07_14-12-12-900x900.jpg\" alt=\"Projet 1\" \/>\n    <\/div>\n        <div class=\"card__content\">\n            <h3 class=\"card__heading\">\n      \tProjet 1      <\/h3>\n                  <div class=\"card__text\">\n      \tR\u00e9novation compl\u00e8te d'une salle de bain avec WC et douche italienne.      <\/div>\n            <div class=\"card__bottom\">\n        <span class=\"card__link\">\n          Voir le projet          <svg width=\"20\" height=\"20\">\n            <use xlink:href=\"#chevron-right\"><\/use>\n          <\/svg>\n        <\/span>\n      <\/div>\n    <\/div>\n  <\/a>\n<\/li>\n\n<li class=\"projects-masonry__item col-12 col-md-6 col-xl-3 __js_masonry-item __js_interior \">\n  <a class=\"card card--small card--masonry\" href=\"https:\/\/multitrav-est.fr\/index.php\/portfolio\/item\/projet-2\/\">\n        <div class=\"card__image\">\n      <img decoding=\"async\" src=\"https:\/\/multitrav-est.fr\/wp-content\/uploads\/2024\/10\/salle_de_bain_1-900x900.jpeg\" alt=\"Projet 2\" \/>\n    <\/div>\n        <div class=\"card__content\">\n            <h3 class=\"card__heading\">\n      \tProjet 2      <\/h3>\n                  <div class=\"card__text\">\n      \tR\u00e9novation d'une magnifique salle de bain, carrelage blanc.      <\/div>\n            <div class=\"card__bottom\">\n        <span class=\"card__link\">\n          Voir le projet          <svg width=\"20\" height=\"20\">\n            <use xlink:href=\"#chevron-right\"><\/use>\n          <\/svg>\n        <\/span>\n      <\/div>\n    <\/div>\n  <\/a>\n<\/li>\n\n<li class=\"projects-masonry__item col-12 col-md-6 col-xl-3 __js_masonry-item __js_interior \">\n  <a class=\"card card--small card--masonry\" href=\"https:\/\/multitrav-est.fr\/index.php\/portfolio\/item\/projet-3\/\">\n        <div class=\"card__image\">\n      <img decoding=\"async\" src=\"https:\/\/multitrav-est.fr\/wp-content\/uploads\/2021\/08\/2-e1730331469209-900x900.jpg\" alt=\"Projet 3\" \/>\n    <\/div>\n        <div class=\"card__content\">\n            <h3 class=\"card__heading\">\n      \tProjet 3      <\/h3>\n                  <div class=\"card__text\">\n      \tR\u00e9novation compl\u00e8te d'une salle de bain, une chambre et un dressing.      <\/div>\n            <div class=\"card__bottom\">\n        <span class=\"card__link\">\n          Voir le projet          <svg width=\"20\" height=\"20\">\n            <use xlink:href=\"#chevron-right\"><\/use>\n          <\/svg>\n        <\/span>\n      <\/div>\n    <\/div>\n  <\/a>\n<\/li>\n\n<li class=\"projects-masonry__item col-12 col-md-6 col-xl-3 __js_masonry-item __js_building \">\n  <a class=\"card card--small card--masonry\" href=\"https:\/\/multitrav-est.fr\/index.php\/portfolio\/item\/projet-4\/\">\n        <div class=\"card__image\">\n      <img decoding=\"async\" src=\"https:\/\/multitrav-est.fr\/wp-content\/uploads\/2021\/06\/photo_3_2025-01-07_14-12-32-900x900.jpg\" alt=\"Projet 4\" \/>\n    <\/div>\n        <div class=\"card__content\">\n            <h3 class=\"card__heading\">\n      \tProjet 4      <\/h3>\n                  <div class=\"card__text\">\n      \tR\u00e9novation compl\u00e8te d'une salle de bain avec WC et douche italienne.      <\/div>\n            <div class=\"card__bottom\">\n        <span class=\"card__link\">\n          Voir le projet          <svg width=\"20\" height=\"20\">\n            <use xlink:href=\"#chevron-right\"><\/use>\n          <\/svg>\n        <\/span>\n      <\/div>\n    <\/div>\n  <\/a>\n<\/li>\n\n<li class=\"projects-masonry__item col-12 col-md-6 col-xl-3 __js_masonry-item __js_building \">\n  <a class=\"card card--small card--masonry\" href=\"https:\/\/multitrav-est.fr\/index.php\/portfolio\/item\/projet-5\/\">\n        <div class=\"card__image\">\n      <img decoding=\"async\" src=\"https:\/\/multitrav-est.fr\/wp-content\/uploads\/2021\/06\/photo_7_2025-01-07_14-13-12-900x900.jpg\" alt=\"Projet 5\" \/>\n    <\/div>\n        <div class=\"card__content\">\n            <h3 class=\"card__heading\">\n      \tProjet 5      <\/h3>\n                  <div class=\"card__text\">\n      \tInstallation d'une douche et evier      <\/div>\n            <div class=\"card__bottom\">\n        <span class=\"card__link\">\n          Voir le projet          <svg width=\"20\" height=\"20\">\n            <use xlink:href=\"#chevron-right\"><\/use>\n          <\/svg>\n        <\/span>\n      <\/div>\n    <\/div>\n  <\/a>\n<\/li>\n\n<li class=\"projects-masonry__item col-12 col-md-6 col-xl-3 __js_masonry-item \">\n  <a class=\"card card--small card--masonry\" href=\"https:\/\/multitrav-est.fr\/index.php\/portfolio\/item\/villa-in-madrid\/\">\n        <div class=\"card__image\">\n      <img decoding=\"async\" src=\"https:\/\/multitrav-est.fr\/wp-content\/uploads\/2025\/01\/photo_5_2025-01-07_14-13-38-900x900.jpg\" alt=\"Projet 6\" \/>\n    <\/div>\n        <div class=\"card__content\">\n            <h3 class=\"card__heading\">\n      \tProjet 6      <\/h3>\n                  <div class=\"card__text\">\n      \tR\u00e9novation compl\u00e8te d'une salle de bain      <\/div>\n            <div class=\"card__bottom\">\n        <span class=\"card__link\">\n          Voir le projet          <svg width=\"20\" height=\"20\">\n            <use xlink:href=\"#chevron-right\"><\/use>\n          <\/svg>\n        <\/span>\n      <\/div>\n    <\/div>\n  <\/a>\n<\/li>\n\n<li class=\"projects-masonry__item col-12 col-md-6 col-xl-3 __js_masonry-item __js_interior \">\n  <a class=\"card card--small card--masonry\" href=\"https:\/\/multitrav-est.fr\/index.php\/portfolio\/item\/projet-7\/\">\n        <div class=\"card__image\">\n      <img decoding=\"async\" src=\"https:\/\/multitrav-est.fr\/wp-content\/uploads\/2021\/08\/photo_1_2025-01-17_13-48-47-900x900.jpg\" alt=\"Projet 7\" \/>\n    <\/div>\n        <div class=\"card__content\">\n            <h3 class=\"card__heading\">\n      \tProjet 7      <\/h3>\n                  <div class=\"card__text\">\n      \tR\u00e9novation compl\u00e8te d'une salle de bain      <\/div>\n            <div class=\"card__bottom\">\n        <span class=\"card__link\">\n          Voir le projet          <svg width=\"20\" height=\"20\">\n            <use xlink:href=\"#chevron-right\"><\/use>\n          <\/svg>\n        <\/span>\n      <\/div>\n    <\/div>\n  <\/a>\n<\/li>          <\/ul>\n\n          \n        <\/div>\n\n\t\t\t\t<\/div>\n\t\t\t\t<\/div>\n\t\t\t\t\t<\/div>\n\t\t<\/div>\n\t\t\t\t\t<\/div>\n\t\t<\/section>\n\t\t<div class=\"elementor-element elementor-element-af6b487 e-flex e-con-boxed e-con e-parent\" data-id=\"af6b487\" data-element_type=\"container\" data-settings=\"{&quot;background_background&quot;:&quot;classic&quot;}\">\n\t\t\t\t\t<div class=\"e-con-inner\">\n\t\t<div class=\"elementor-element elementor-element-8727118 e-con-full e-flex e-con e-child\" data-id=\"8727118\" data-element_type=\"container\" data-settings=\"{&quot;background_background&quot;:&quot;classic&quot;}\">\n\t\t<div class=\"elementor-element elementor-element-147bec7 e-con-full e-flex e-con e-child\" data-id=\"147bec7\" data-element_type=\"container\">\n\t\t\t\t<div class=\"elementor-element elementor-element-2e2acb7 elementor-widget elementor-widget-heading\" data-id=\"2e2acb7\" data-element_type=\"widget\" data-widget_type=\"heading.default\">\n\t\t\t\t<div class=\"elementor-widget-container\">\n\t\t\t<style>\/*! elementor - v3.23.0 - 05-08-2024 *\/\n.elementor-heading-title{padding:0;margin:0;line-height:1}.elementor-widget-heading .elementor-heading-title[class*=elementor-size-]>a{color:inherit;font-size:inherit;line-height:inherit}.elementor-widget-heading .elementor-heading-title.elementor-size-small{font-size:15px}.elementor-widget-heading .elementor-heading-title.elementor-size-medium{font-size:19px}.elementor-widget-heading .elementor-heading-title.elementor-size-large{font-size:29px}.elementor-widget-heading .elementor-heading-title.elementor-size-xl{font-size:39px}.elementor-widget-heading .elementor-heading-title.elementor-size-xxl{font-size:59px}<\/style><h2 class=\"elementor-heading-title elementor-size-default\">Un projet ? Contactez-nous !<\/h2>\t\t<\/div>\n\t\t\t\t<\/div>\n\t\t\t\t<div class=\"elementor-element elementor-element-fee2758 elementor-widget elementor-widget-button\" data-id=\"fee2758\" data-element_type=\"widget\" data-widget_type=\"button.default\">\n\t\t\t\t<div class=\"elementor-widget-container\">\n\t\t\t\t\t<div class=\"elementor-button-wrapper\">\n\t\t\t<a class=\"elementor-button elementor-button-link elementor-size-sm\" href=\"https:\/\/multitrav-est.fr\/index.php\/contact\/\">\n\t\t\t\t\t\t<span class=\"elementor-button-content-wrapper\">\n\t\t\t\t\t\t\t\t\t<span class=\"elementor-button-text\">Contact<\/span>\n\t\t\t\t\t<\/span>\n\t\t\t\t\t<\/a>\n\t\t<\/div>\n\t\t\t\t<\/div>\n\t\t\t\t<\/div>\n\t\t\t\t<\/div>\n\t\t\t\t<\/div>\n\t\t\t\t\t<\/div>\n\t\t\t\t<\/div>\n\t\t\t\t<section class=\"elementor-section elementor-top-section elementor-element elementor-element-663a899 elementor-section-full_width c__map elementor-section-height-default elementor-section-height-default\" data-id=\"663a899\" data-element_type=\"section\">\n\t\t\t\t\t\t<div class=\"elementor-container elementor-column-gap-custom\">\n\t\t\t\t\t<div class=\"elementor-column elementor-col-100 elementor-top-column elementor-element elementor-element-8a5adb2\" data-id=\"8a5adb2\" data-element_type=\"column\">\n\t\t\t<div class=\"elementor-widget-wrap elementor-element-populated\">\n\t\t\t\t\t\t<div class=\"elementor-element elementor-element-3521fdb elementor-widget elementor-widget-google_maps\" data-id=\"3521fdb\" data-element_type=\"widget\" data-widget_type=\"google_maps.default\">\n\t\t\t\t<div class=\"elementor-widget-container\">\n\t\t\t<style>\/*! elementor - v3.23.0 - 05-08-2024 *\/\n.elementor-widget-google_maps .elementor-widget-container{overflow:hidden}.elementor-widget-google_maps .elementor-custom-embed{line-height:0}.elementor-widget-google_maps iframe{height:300px}<\/style>\t\t<div class=\"elementor-custom-embed\">\n\t\t\t<iframe loading=\"lazy\"\n\t\t\t\t\tsrc=\"https:\/\/maps.google.com\/maps?q=1%20rue%20du%20Landsberg%2C%20Hoenheim&#038;t=m&#038;z=12&#038;output=embed&#038;iwloc=near\"\n\t\t\t\t\ttitle=\"1 rue du Landsberg, Hoenheim\"\n\t\t\t\t\taria-label=\"1 rue du Landsberg, Hoenheim\"\n\t\t\t><\/iframe>\n\t\t<\/div>\n\t\t\t\t<\/div>\n\t\t\t\t<\/div>\n\t\t\t\t\t<\/div>\n\t\t<\/div>\n\t\t\t\t\t<\/div>\n\t\t<\/section>\n\t\t\t\t<\/div>\n\t\t","protected":false},"excerpt":{"rendered":"<p>Nos r\u00e9alisations D\u00e9couvrez les travaux que nous avons pu r\u00e9aliser pour nos clients. Projet 1 R\u00e9novation compl\u00e8te d&#8217;une salle de bain avec WC et douche italienne. Voir le projet Projet 3 R\u00e9novation compl\u00e8te d&#8217;une salle de bain, une chambre et un dressing. Voir le projet Projet 3 R\u00e9novation d&#8217;une magnifique&#8230; <\/p>\n<div class=\"readmore\"><a href=\"https:\/\/multitrav-est.fr\/index.php\/portfolio\/item\/projet-7\/\" class=\"btn-link\">Read more<\/a><\/div>\n","protected":false},"author":1,"featured_media":0,"parent":0,"menu_order":0,"comment_status":"closed","ping_status":"closed","template":"template-elementor-default.php","meta":{"_acf_changed":false,"footnotes":""},"class_list":["post-421","page","type-page","status-publish","hentry"],"acf":[],"_links":{"self":[{"href":"https:\/\/multitrav-est.fr\/index.php\/wp-json\/wp\/v2\/pages\/421","targetHints":{"allow":["GET"]}}],"collection":[{"href":"https:\/\/multitrav-est.fr\/index.php\/wp-json\/wp\/v2\/pages"}],"about":[{"href":"https:\/\/multitrav-est.fr\/index.php\/wp-json\/wp\/v2\/types\/page"}],"author":[{"embeddable":true,"href":"https:\/\/multitrav-est.fr\/index.php\/wp-json\/wp\/v2\/users\/1"}],"replies":[{"embeddable":true,"href":"https:\/\/multitrav-est.fr\/index.php\/wp-json\/wp\/v2\/comments?post=421"}],"version-history":[{"count":37,"href":"https:\/\/multitrav-est.fr\/index.php\/wp-json\/wp\/v2\/pages\/421\/revisions"}],"predecessor-version":[{"id":2254,"href":"https:\/\/multitrav-est.fr\/index.php\/wp-json\/wp\/v2\/pages\/421\/revisions\/2254"}],"wp:attachment":[{"href":"https:\/\/multitrav-est.fr\/index.php\/wp-json\/wp\/v2\/media?parent=421"}],"curies":[{"name":"wp","href":"https:\/\/api.w.org\/{rel}","templated":true}]}}