{"id":3,"date":"2024-09-02T01:05:45","date_gmt":"2024-09-01T23:05:45","guid":{"rendered":"http:\/\/multitrav-est.fr\/?page_id=3"},"modified":"2025-01-07T17:24:24","modified_gmt":"2025-01-07T16:24:24","slug":"politique-de-confidentialite","status":"publish","type":"page","link":"https:\/\/multitrav-est.fr\/index.php\/politique-de-confidentialite\/","title":{"rendered":"Politique de confidentialit\u00e9"},"content":{"rendered":"\t\t<div data-elementor-type=\"wp-page\" data-elementor-id=\"3\" class=\"elementor elementor-3\" data-elementor-post-type=\"page\">\n\t\t\t\t<div class=\"elementor-element elementor-element-340ada85 e-flex e-con-boxed e-con e-parent\" data-id=\"340ada85\" data-element_type=\"container\">\n\t\t\t\t\t<div class=\"e-con-inner\">\n\t\t\t\t<div class=\"elementor-element elementor-element-489fac5a elementor-widget elementor-widget-text-editor\" data-id=\"489fac5a\" data-element_type=\"widget\" data-widget_type=\"text-editor.default\">\n\t\t\t\t<div class=\"elementor-widget-container\">\n\t\t\t<style>\/*! elementor - v3.23.0 - 05-08-2024 *\/\n.elementor-widget-text-editor.elementor-drop-cap-view-stacked .elementor-drop-cap{background-color:#69727d;color:#fff}.elementor-widget-text-editor.elementor-drop-cap-view-framed .elementor-drop-cap{color:#69727d;border:3px solid;background-color:transparent}.elementor-widget-text-editor:not(.elementor-drop-cap-view-default) .elementor-drop-cap{margin-top:8px}.elementor-widget-text-editor:not(.elementor-drop-cap-view-default) .elementor-drop-cap-letter{width:1em;height:1em}.elementor-widget-text-editor .elementor-drop-cap{float:left;text-align:center;line-height:1;font-size:50px}.elementor-widget-text-editor .elementor-drop-cap-letter{display:inline-block}<\/style>\t\t\t\t<!-- wp:heading -->\n<h2><strong>Politique de Confidentialit\u00e9<\/strong><\/h2>\n<p><strong>Nom de l\u2019entreprise<\/strong> : Multitrav&#8217;Est<br \/><strong>Adresse<\/strong> : 1 rue du Landsberg, 67800 Hoenheim, France<br \/><strong>Responsable de la collecte des donn\u00e9es<\/strong> : Multitrav&#8217;Est<\/p>\n<h4><strong>1.1. Types de Donn\u00e9es Collect\u00e9es<\/strong><\/h4>\n<p>Multitrav&#8217;Est collecte les donn\u00e9es personnelles suivantes via le formulaire de contact du site :<\/p>\n<ul>\n<li>Nom<\/li>\n<li>Pr\u00e9nom<\/li>\n<li>Adresse email<\/li>\n<\/ul>\n<h4><strong>1.2. Utilisation des Donn\u00e9es<\/strong><\/h4>\n<p>Les donn\u00e9es collect\u00e9es sont utilis\u00e9es pour r\u00e9pondre aux demandes des utilisateurs via le formulaire de contact. Ces donn\u00e9es ne sont pas partag\u00e9es avec des tiers et sont uniquement utilis\u00e9es pour correspondre avec les utilisateurs.<\/p>\n<h4><strong>1.3. Conservation des Donn\u00e9es<\/strong><\/h4>\n<p>Les informations collect\u00e9es via le formulaire de contact sont conserv\u00e9es uniquement pour la dur\u00e9e n\u00e9cessaire au traitement de la demande et sont ensuite supprim\u00e9es.<\/p>\n<h4><strong>1.4. Droits de l\u2019Utilisateur<\/strong><\/h4>\n<p>Conform\u00e9ment \u00e0 la l\u00e9gislation en vigueur, vous disposez des droits suivants :<\/p>\n<ul>\n<li><strong>Acc\u00e8s<\/strong> : Vous pouvez demander l\u2019acc\u00e8s aux donn\u00e9es personnelles que nous poss\u00e9dons.<\/li>\n<li><strong>Rectification<\/strong> : Vous pouvez demander la correction de vos donn\u00e9es personnelles en cas d\u2019inexactitude.<\/li>\n<li><strong>Suppression<\/strong> : Vous pouvez demander la suppression de vos donn\u00e9es personnelles \u00e0 tout moment.<\/li>\n<\/ul>\n<p>Pour exercer ces droits, vous pouvez nous contacter par email \u00e0 l&#8217;adresse suivante : <a rel=\"noopener\">contact@multitravest.com<\/a><\/p>\n<h4><strong>1.5. S\u00e9curit\u00e9 des Donn\u00e9es<\/strong><\/h4>\n<p>Nous mettons en \u0153uvre des mesures techniques et organisationnelles pour assurer la protection des donn\u00e9es personnelles de nos utilisateurs.<\/p>\n<h4><strong>1.6. Modifications de la Politique de Confidentialit\u00e9<\/strong><\/h4>\n<p>Nous pouvons mettre \u00e0 jour cette politique \u00e0 tout moment. Les utilisateurs sont invit\u00e9s \u00e0 consulter r\u00e9guli\u00e8rement cette page pour \u00eatre inform\u00e9s des \u00e9ventuelles modifications.<\/p>\n<!-- \/wp:paragraph -->\t\t\t\t\t\t<\/div>\n\t\t\t\t<\/div>\n\t\t\t\t\t<\/div>\n\t\t\t\t<\/div>\n\t\t\t\t<\/div>\n\t\t","protected":false},"excerpt":{"rendered":"<p>Politique de Confidentialit\u00e9 Nom de l\u2019entreprise : Multitrav&#8217;EstAdresse : 1 rue du Landsberg, 67800 Hoenheim, FranceResponsable de la collecte des donn\u00e9es : Multitrav&#8217;Est 1.1. Types de Donn\u00e9es Collect\u00e9es Multitrav&#8217;Est collecte les donn\u00e9es personnelles suivantes via le formulaire de contact du site : Nom Pr\u00e9nom Adresse email 1.2. Utilisation des Donn\u00e9es&#8230; <\/p>\n<div class=\"readmore\"><a href=\"https:\/\/multitrav-est.fr\/index.php\/politique-de-confidentialite\/\" class=\"btn-link\">Read more<\/a><\/div>\n","protected":false},"author":1,"featured_media":0,"parent":0,"menu_order":0,"comment_status":"closed","ping_status":"open","template":"template-elementor-default.php","meta":{"_acf_changed":false,"footnotes":""},"class_list":["post-3","page","type-page","status-publish","hentry"],"acf":[],"_links":{"self":[{"href":"https:\/\/multitrav-est.fr\/index.php\/wp-json\/wp\/v2\/pages\/3","targetHints":{"allow":["GET"]}}],"collection":[{"href":"https:\/\/multitrav-est.fr\/index.php\/wp-json\/wp\/v2\/pages"}],"about":[{"href":"https:\/\/multitrav-est.fr\/index.php\/wp-json\/wp\/v2\/types\/page"}],"author":[{"embeddable":true,"href":"https:\/\/multitrav-est.fr\/index.php\/wp-json\/wp\/v2\/users\/1"}],"replies":[{"embeddable":true,"href":"https:\/\/multitrav-est.fr\/index.php\/wp-json\/wp\/v2\/comments?post=3"}],"version-history":[{"count":7,"href":"https:\/\/multitrav-est.fr\/index.php\/wp-json\/wp\/v2\/pages\/3\/revisions"}],"predecessor-version":[{"id":2227,"href":"https:\/\/multitrav-est.fr\/index.php\/wp-json\/wp\/v2\/pages\/3\/revisions\/2227"}],"wp:attachment":[{"href":"https:\/\/multitrav-est.fr\/index.php\/wp-json\/wp\/v2\/media?parent=3"}],"curies":[{"name":"wp","href":"https:\/\/api.w.org\/{rel}","templated":true}]}}