{"id":246,"date":"2021-06-14T21:16:10","date_gmt":"2021-06-14T21:16:10","guid":{"rendered":"https:\/\/larson-demo.bslthemes.com\/?page_id=246"},"modified":"2025-01-07T17:16:18","modified_gmt":"2025-01-07T16:16:18","slug":"about","status":"publish","type":"page","link":"https:\/\/multitrav-est.fr\/index.php\/about\/","title":{"rendered":"About"},"content":{"rendered":"\t\t<div data-elementor-type=\"wp-page\" data-elementor-id=\"246\" class=\"elementor elementor-246\" data-elementor-post-type=\"page\">\n\t\t\t\t\t\t<section class=\"elementor-section elementor-top-section elementor-element elementor-element-a41e2b2 elementor-section-full_width elementor-section-height-default elementor-section-height-default\" data-id=\"a41e2b2\" data-element_type=\"section\">\n\t\t\t\t\t\t<div class=\"elementor-container elementor-column-gap-no\">\n\t\t\t\t\t<div class=\"elementor-column elementor-col-100 elementor-top-column elementor-element elementor-element-97c067e\" data-id=\"97c067e\" data-element_type=\"column\">\n\t\t\t<div class=\"elementor-widget-wrap elementor-element-populated\">\n\t\t\t\t\t\t<div class=\"elementor-element elementor-element-4f6d00e elementor-widget elementor-widget-larson-intro\" data-id=\"4f6d00e\" data-element_type=\"widget\" data-widget_type=\"larson-intro.default\">\n\t\t\t\t<div class=\"elementor-widget-container\">\n\t\t\t\n\t\t<article class=\"article\">\n\t        <header class=\"article__header\">\n\t          <div class=\"container\">\n\t            \t            <h1 class=\"article__heading heading heading--size-large\">\n\t            \t<span >\n\t\t\t\t\t\t<p>Red\u00e9finir&nbsp;<span class=\"color-yellow\">vos espaces<br><\/span>avec vie et passion.<\/p>\t\t\t\t\t<\/span>\n\t            <\/h1>\n\t            \t            \t          <\/div>\n\t        <\/header>\n\t        \t        <div class=\"article__about-hero container\">\n\t          <img decoding=\"async\" src=\"https:\/\/multitrav-est.fr\/wp-content\/uploads\/2024\/10\/multitrav_wp-e1730329341740-1920x1080.png\" alt=\"\" \/>\n\t        <\/div>\n\t        \t    <\/article>\n\n\t\t\t\t<\/div>\n\t\t\t\t<\/div>\n\t\t\t\t\t<\/div>\n\t\t<\/div>\n\t\t\t\t\t<\/div>\n\t\t<\/section>\n\t\t\t\t<section class=\"elementor-section elementor-top-section elementor-element elementor-element-8e39011 elementor-section-full_width elementor-section-height-default elementor-section-height-default\" data-id=\"8e39011\" data-element_type=\"section\">\n\t\t\t\t\t\t<div class=\"elementor-container elementor-column-gap-no\">\n\t\t\t\t\t<div class=\"elementor-column elementor-col-100 elementor-top-column elementor-element elementor-element-a009d61\" data-id=\"a009d61\" data-element_type=\"column\">\n\t\t\t<div class=\"elementor-widget-wrap elementor-element-populated\">\n\t\t\t\t\t\t<div class=\"elementor-element elementor-element-fae3345 elementor-widget elementor-widget-larson-about-description\" data-id=\"fae3345\" data-element_type=\"widget\" data-widget_type=\"larson-about-description.default\">\n\t\t\t\t<div class=\"elementor-widget-container\">\n\t\t\t\n\t\t<section class=\"webpage__about-block about-block about-block--columns\">\n          <div class=\"about-block__inner container\">\n                        <header class=\"about-block__header\" data-aos=\"fade\">\n              <h2 class=\"about-block__heading heading\">\n              \t<span >\n\t\t\t\t\tA propos\t\t\t\t<\/span>\n              <\/h2>\n            <\/header>\n                                    <div class=\"about-block__main\">\n                            <div class=\"about-block__text\" data-aos=\"fade\">\n                <div >\n\t\t\t\t\t<p><strong>Multitrav'Est<\/strong>, sp\u00e9cialiste de la r\u00e9novation int\u00e9rieure depuis plus de 20 ans, est une entreprise qui place la qualit\u00e9 et le soin du d\u00e9tail au c\u0153ur de chaque projet. Install\u00e9s \u00e0 Strasbourg, nous intervenons dans tout le Bas-Rhin.<\/p><p>Nous transformons vos espaces de vie avec professionnalisme et passion. De la pose de carrelage aux r\u00e9novations compl\u00e8tes, nous apportons \u00e0 chaque chantier une expertise \u00e9prouv\u00e9e et un accompagnement personnalis\u00e9 pour r\u00e9pondre \u00e0 toutes vos attentes.<\/p>\t\t\t\t<\/div>\n              <\/div>\n                                          <blockquote class=\"about-block__quote\" data-aos=\"fade\">\n              \t<span >\n\t\t\t\t\tZelemkhan Madaev - G\u00e9rant Multitrav'Est\t\t\t\t<\/span>\n\t\t\t\t<span class=\"sep\"><svg viewBox='0 0 83 62' fill='none' xmlns='http:\/\/www.w3.org\/2000\/svg'><path d='M18.6.2c6.267 0 11 2.267 14.2 6.8 3.333 4.4 5 9.667 5 15.8 0 8.267-2.467 15.933-7.4 23-4.8 7.067-10.867 12.333-18.2 15.8L.4 52.2c5.333-2.133 10-5.067 14-8.8 4-3.867 6.733-7.867 8.2-12l-1-.6c-.667.533-1.467.933-2.4 1.2-.933.267-2.267.4-4 .4-3.067 0-6.2-1.2-9.4-3.6-3.067-2.533-4.6-6.333-4.6-11.4 0-5.333 1.733-9.533 5.2-12.6S13.933.2 18.6.2zm44.8 0c6.267 0 11 2.267 14.2 6.8 3.333 4.4 5 9.667 5 15.8 0 8.267-2.467 15.933-7.4 23-4.8 7.067-10.867 12.333-18.2 15.8l-11.8-9.4c5.333-2.133 10-5.067 14-8.8 4-3.867 6.733-7.867 8.2-12l-1-.6c-.667.533-1.467.933-2.4 1.2-.933.267-2.267.4-4 .4-3.067 0-6.2-1.2-9.4-3.6-3.067-2.533-4.6-6.333-4.6-11.4 0-5.333 1.733-9.533 5.2-12.6S58.733.2 63.4.2z' fill='#ffb74d'\/><\/svg><\/span>\n              <\/blockquote>\n                          <\/div>\n                      <\/div>\n        <\/section>\n\n\t\t\t\t<\/div>\n\t\t\t\t<\/div>\n\t\t\t\t\t<\/div>\n\t\t<\/div>\n\t\t\t\t\t<\/div>\n\t\t<\/section>\n\t\t<div class=\"elementor-element elementor-element-f1dc3cb e-flex e-con-boxed e-con e-parent\" data-id=\"f1dc3cb\" data-element_type=\"container\">\n\t\t\t\t\t<div class=\"e-con-inner\">\n\t\t<div class=\"elementor-element elementor-element-bb6e03b e-con-full e-flex e-con e-child\" data-id=\"bb6e03b\" data-element_type=\"container\">\n\t\t<div class=\"elementor-element elementor-element-2c94ce8 e-con-full e-flex e-con e-child\" data-id=\"2c94ce8\" data-element_type=\"container\">\n\t\t<div class=\"elementor-element elementor-element-9aacc0e e-con-full e-flex e-con e-child\" data-id=\"9aacc0e\" data-element_type=\"container\" data-settings=\"{&quot;background_background&quot;:&quot;slideshow&quot;,&quot;background_slideshow_gallery&quot;:[{&quot;id&quot;:1299,&quot;url&quot;:&quot;http:\\\/\\\/multitrav-est.fr\\\/wp-content\\\/uploads\\\/2021\\\/06\\\/work4.jpeg&quot;}],&quot;background_slideshow_loop&quot;:&quot;yes&quot;,&quot;background_slideshow_slide_duration&quot;:5000,&quot;background_slideshow_slide_transition&quot;:&quot;fade&quot;,&quot;background_slideshow_transition_duration&quot;:500}\">\n\t\t\t\t<\/div>\n\t\t\t\t<\/div>\n\t\t\t\t<div class=\"elementor-element elementor-element-62801d1 elementor-hidden-tablet elementor-hidden-mobile elementor-widget elementor-widget-spacer\" data-id=\"62801d1\" data-element_type=\"widget\" data-widget_type=\"spacer.default\">\n\t\t\t\t<div class=\"elementor-widget-container\">\n\t\t\t<style>\/*! elementor - v3.23.0 - 05-08-2024 *\/\n.elementor-column .elementor-spacer-inner{height:var(--spacer-size)}.e-con{--container-widget-width:100%}.e-con-inner>.elementor-widget-spacer,.e-con>.elementor-widget-spacer{width:var(--container-widget-width,var(--spacer-size));--align-self:var(--container-widget-align-self,initial);--flex-shrink:0}.e-con-inner>.elementor-widget-spacer>.elementor-widget-container,.e-con>.elementor-widget-spacer>.elementor-widget-container{height:100%;width:100%}.e-con-inner>.elementor-widget-spacer>.elementor-widget-container>.elementor-spacer,.e-con>.elementor-widget-spacer>.elementor-widget-container>.elementor-spacer{height:100%}.e-con-inner>.elementor-widget-spacer>.elementor-widget-container>.elementor-spacer>.elementor-spacer-inner,.e-con>.elementor-widget-spacer>.elementor-widget-container>.elementor-spacer>.elementor-spacer-inner{height:var(--container-widget-height,var(--spacer-size))}.e-con-inner>.elementor-widget-spacer.elementor-widget-empty,.e-con>.elementor-widget-spacer.elementor-widget-empty{position:relative;min-height:22px;min-width:22px}.e-con-inner>.elementor-widget-spacer.elementor-widget-empty .elementor-widget-empty-icon,.e-con>.elementor-widget-spacer.elementor-widget-empty .elementor-widget-empty-icon{position:absolute;top:0;bottom:0;left:0;right:0;margin:auto;padding:0;width:22px;height:22px}<\/style>\t\t<div class=\"elementor-spacer\">\n\t\t\t<div class=\"elementor-spacer-inner\"><\/div>\n\t\t<\/div>\n\t\t\t\t<\/div>\n\t\t\t\t<\/div>\n\t\t<div class=\"elementor-element elementor-element-c42f67a e-con-full e-flex e-con e-child\" data-id=\"c42f67a\" data-element_type=\"container\">\n\t\t\t\t<div class=\"elementor-element elementor-element-6efa219 elementor-widget elementor-widget-text-editor\" data-id=\"6efa219\" data-element_type=\"widget\" data-widget_type=\"text-editor.default\">\n\t\t\t\t<div class=\"elementor-widget-container\">\n\t\t\t<style>\/*! elementor - v3.23.0 - 05-08-2024 *\/\n.elementor-widget-text-editor.elementor-drop-cap-view-stacked .elementor-drop-cap{background-color:#69727d;color:#fff}.elementor-widget-text-editor.elementor-drop-cap-view-framed .elementor-drop-cap{color:#69727d;border:3px solid;background-color:transparent}.elementor-widget-text-editor:not(.elementor-drop-cap-view-default) .elementor-drop-cap{margin-top:8px}.elementor-widget-text-editor:not(.elementor-drop-cap-view-default) .elementor-drop-cap-letter{width:1em;height:1em}.elementor-widget-text-editor .elementor-drop-cap{float:left;text-align:center;line-height:1;font-size:50px}.elementor-widget-text-editor .elementor-drop-cap-letter{display:inline-block}<\/style>\t\t\t\t<p>NOS SERVICES<\/p>\t\t\t\t\t\t<\/div>\n\t\t\t\t<\/div>\n\t\t\t\t<div class=\"elementor-element elementor-element-0aab718 elementor-widget elementor-widget-heading\" data-id=\"0aab718\" data-element_type=\"widget\" data-widget_type=\"heading.default\">\n\t\t\t\t<div class=\"elementor-widget-container\">\n\t\t\t<style>\/*! elementor - v3.23.0 - 05-08-2024 *\/\n.elementor-heading-title{padding:0;margin:0;line-height:1}.elementor-widget-heading .elementor-heading-title[class*=elementor-size-]>a{color:inherit;font-size:inherit;line-height:inherit}.elementor-widget-heading .elementor-heading-title.elementor-size-small{font-size:15px}.elementor-widget-heading .elementor-heading-title.elementor-size-medium{font-size:19px}.elementor-widget-heading .elementor-heading-title.elementor-size-large{font-size:29px}.elementor-widget-heading .elementor-heading-title.elementor-size-xl{font-size:39px}.elementor-widget-heading .elementor-heading-title.elementor-size-xxl{font-size:59px}<\/style><h2 class=\"elementor-heading-title elementor-size-default\">L'offre Multitrav'Est<\/h2>\t\t<\/div>\n\t\t\t\t<\/div>\n\t\t\t\t<div class=\"elementor-element elementor-element-3d9feaf elementor-widget elementor-widget-text-editor\" data-id=\"3d9feaf\" data-element_type=\"widget\" data-widget_type=\"text-editor.default\">\n\t\t\t\t<div class=\"elementor-widget-container\">\n\t\t\t\t\t\t\t<p>Nous vous apportons des solutions pour vos travaux et r\u00e9novations int\u00e9rieures :\u00a0<\/p><ul><li>Carrelage<\/li><li>Pl\u00e2trerie<\/li><li>Peinture<\/li><li>Pose de cloison<\/li><li>Rev\u00eatement de sol<\/li><li>D\u00e9molition<\/li><\/ul><div><p>Notre mission est de donner vie \u00e0 vos espaces en cr\u00e9ant des int\u00e9rieurs fonctionnels, esth\u00e9tiques et durables. Chaque projet est r\u00e9alis\u00e9 avec un soin particulier, de la s\u00e9lection des mat\u00e9riaux \u00e0 la finition.\u00a0<\/p><p>Que vous souhaitiez moderniser votre maison ou r\u00e9nover une pi\u00e8ce sp\u00e9cifique, nous adaptons notre savoir-faire pour r\u00e9pondre \u00e0 vos besoins et faire de votre vision une r\u00e9alit\u00e9.<\/p><\/div>\t\t\t\t\t\t<\/div>\n\t\t\t\t<\/div>\n\t\t\t\t<\/div>\n\t\t\t\t<\/div>\n\t\t\t\t\t<\/div>\n\t\t\t\t<\/div>\n\t\t<div class=\"elementor-element elementor-element-f1e0ce6 e-flex e-con-boxed e-con e-parent\" data-id=\"f1e0ce6\" data-element_type=\"container\">\n\t\t\t\t\t<div class=\"e-con-inner\">\n\t\t<div class=\"elementor-element elementor-element-46b8cde e-con-full e-flex e-con e-child\" data-id=\"46b8cde\" data-element_type=\"container\">\n\t\t\t\t<div class=\"elementor-element elementor-element-f65474f elementor-widget elementor-widget-heading\" data-id=\"f65474f\" data-element_type=\"widget\" data-widget_type=\"heading.default\">\n\t\t\t\t<div class=\"elementor-widget-container\">\n\t\t\t<h2 class=\"elementor-heading-title elementor-size-default\">Nos partenaires<\/h2>\t\t<\/div>\n\t\t\t\t<\/div>\n\t\t\t\t<\/div>\n\t\t<div class=\"elementor-element elementor-element-19b2b63 e-con-full e-flex e-con e-child\" data-id=\"19b2b63\" data-element_type=\"container\">\n\t\t\t\t<div class=\"elementor-element elementor-element-35a201f elementor-arrows-position-inside elementor-pagination-position-outside elementor-widget elementor-widget-image-carousel\" data-id=\"35a201f\" data-element_type=\"widget\" data-settings=\"{&quot;slides_to_show&quot;:&quot;5&quot;,&quot;navigation&quot;:&quot;both&quot;,&quot;autoplay&quot;:&quot;yes&quot;,&quot;pause_on_hover&quot;:&quot;yes&quot;,&quot;pause_on_interaction&quot;:&quot;yes&quot;,&quot;autoplay_speed&quot;:5000,&quot;infinite&quot;:&quot;yes&quot;,&quot;speed&quot;:500}\" data-widget_type=\"image-carousel.default\">\n\t\t\t\t<div class=\"elementor-widget-container\">\n\t\t\t<style>\/*! elementor - v3.23.0 - 05-08-2024 *\/\n.elementor-widget-image-carousel .swiper,.elementor-widget-image-carousel .swiper-container{position:static}.elementor-widget-image-carousel .swiper-container .swiper-slide figure,.elementor-widget-image-carousel .swiper .swiper-slide figure{line-height:inherit}.elementor-widget-image-carousel .swiper-slide{text-align:center}.elementor-image-carousel-wrapper:not(.swiper-container-initialized):not(.swiper-initialized) .swiper-slide{max-width:calc(100% \/ var(--e-image-carousel-slides-to-show, 3))}<\/style>\t\t<div class=\"elementor-image-carousel-wrapper swiper\" dir=\"ltr\">\n\t\t\t<div class=\"elementor-image-carousel swiper-wrapper\" aria-live=\"off\">\n\t\t\t\t\t\t\t\t<div class=\"swiper-slide\" role=\"group\" aria-roledescription=\"slide\" aria-label=\"1 sur 7\"><figure class=\"swiper-slide-inner\"><img decoding=\"async\" class=\"swiper-slide-image\" src=\"https:\/\/multitrav-est.fr\/wp-content\/uploads\/2025\/01\/atoo_design_logo_b_00000-150x150.png\" alt=\"atoo_design_logo_b_00000\" \/><\/figure><\/div><div class=\"swiper-slide\" role=\"group\" aria-roledescription=\"slide\" aria-label=\"2 sur 7\"><figure class=\"swiper-slide-inner\"><img decoding=\"async\" class=\"swiper-slide-image\" src=\"https:\/\/multitrav-est.fr\/wp-content\/uploads\/2024\/10\/point_p-150x150.png\" alt=\"point_p\" \/><\/figure><\/div><div class=\"swiper-slide\" role=\"group\" aria-roledescription=\"slide\" aria-label=\"3 sur 7\"><figure class=\"swiper-slide-inner\"><img decoding=\"async\" class=\"swiper-slide-image\" src=\"https:\/\/multitrav-est.fr\/wp-content\/uploads\/2025\/01\/pompac_logo_00000-150x150.png\" alt=\"pompac_logo_00000\" \/><\/figure><\/div><div class=\"swiper-slide\" role=\"group\" aria-roledescription=\"slide\" aria-label=\"4 sur 7\"><figure class=\"swiper-slide-inner\"><img decoding=\"async\" class=\"swiper-slide-image\" src=\"https:\/\/multitrav-est.fr\/wp-content\/uploads\/2025\/01\/cedeo_logo_00000-150x150.png\" alt=\"cedeo_logo_00000\" \/><\/figure><\/div><div class=\"swiper-slide\" role=\"group\" aria-roledescription=\"slide\" aria-label=\"5 sur 7\"><figure class=\"swiper-slide-inner\"><img decoding=\"async\" class=\"swiper-slide-image\" src=\"https:\/\/multitrav-est.fr\/wp-content\/uploads\/2025\/01\/est_sanitaire_logo_00000-150x150.png\" alt=\"est_sanitaire_logo_00000\" \/><\/figure><\/div><div class=\"swiper-slide\" role=\"group\" aria-roledescription=\"slide\" aria-label=\"6 sur 7\"><figure class=\"swiper-slide-inner\"><img decoding=\"async\" class=\"swiper-slide-image\" src=\"https:\/\/multitrav-est.fr\/wp-content\/uploads\/2025\/01\/peppler_logo_00000-150x150.png\" alt=\"peppler_logo_00000\" \/><\/figure><\/div><div class=\"swiper-slide\" role=\"group\" aria-roledescription=\"slide\" aria-label=\"7 sur 7\"><figure class=\"swiper-slide-inner\"><img decoding=\"async\" class=\"swiper-slide-image\" src=\"https:\/\/multitrav-est.fr\/wp-content\/uploads\/2025\/01\/yesss_electrique_logo_00000-150x150.png\" alt=\"yesss_electrique_logo_00000\" \/><\/figure><\/div>\t\t\t<\/div>\n\t\t\t\t\t\t\t\t\t\t\t\t<div class=\"elementor-swiper-button elementor-swiper-button-prev\" role=\"button\" tabindex=\"0\">\n\t\t\t\t\t\t<svg aria-hidden=\"true\" class=\"e-font-icon-svg e-eicon-chevron-left\" viewBox=\"0 0 1000 1000\" xmlns=\"http:\/\/www.w3.org\/2000\/svg\"><path d=\"M646 125C629 125 613 133 604 142L308 442C296 454 292 471 292 487 292 504 296 521 308 533L604 854C617 867 629 875 646 875 663 875 679 871 692 858 704 846 713 829 713 812 713 796 708 779 692 767L438 487 692 225C700 217 708 204 708 187 708 171 704 154 692 142 675 129 663 125 646 125Z\"><\/path><\/svg>\t\t\t\t\t<\/div>\n\t\t\t\t\t<div class=\"elementor-swiper-button elementor-swiper-button-next\" role=\"button\" tabindex=\"0\">\n\t\t\t\t\t\t<svg aria-hidden=\"true\" class=\"e-font-icon-svg e-eicon-chevron-right\" viewBox=\"0 0 1000 1000\" xmlns=\"http:\/\/www.w3.org\/2000\/svg\"><path d=\"M696 533C708 521 713 504 713 487 713 471 708 454 696 446L400 146C388 133 375 125 354 125 338 125 325 129 313 142 300 154 292 171 292 187 292 204 296 221 308 233L563 492 304 771C292 783 288 800 288 817 288 833 296 850 308 863 321 871 338 875 354 875 371 875 388 867 400 854L696 533Z\"><\/path><\/svg>\t\t\t\t\t<\/div>\n\t\t\t\t\n\t\t\t\t\t\t\t\t\t<div class=\"swiper-pagination\"><\/div>\n\t\t\t\t\t\t\t\t\t<\/div>\n\t\t\t\t<\/div>\n\t\t\t\t<\/div>\n\t\t\t\t<\/div>\n\t\t\t\t\t<\/div>\n\t\t\t\t<\/div>\n\t\t<div class=\"elementor-element elementor-element-a2db2af e-flex e-con-boxed e-con e-parent\" data-id=\"a2db2af\" data-element_type=\"container\" data-settings=\"{&quot;background_background&quot;:&quot;classic&quot;}\">\n\t\t\t\t\t<div class=\"e-con-inner\">\n\t\t<div class=\"elementor-element elementor-element-525e108 e-con-full e-flex e-con e-child\" data-id=\"525e108\" data-element_type=\"container\" data-settings=\"{&quot;background_background&quot;:&quot;classic&quot;}\">\n\t\t<div class=\"elementor-element elementor-element-48c8dd7 e-con-full e-flex e-con e-child\" data-id=\"48c8dd7\" data-element_type=\"container\">\n\t\t\t\t<div class=\"elementor-element elementor-element-2395307 elementor-widget elementor-widget-heading\" data-id=\"2395307\" data-element_type=\"widget\" data-widget_type=\"heading.default\">\n\t\t\t\t<div class=\"elementor-widget-container\">\n\t\t\t<h2 class=\"elementor-heading-title elementor-size-default\">Un projet ? Contactez-nous !<\/h2>\t\t<\/div>\n\t\t\t\t<\/div>\n\t\t\t\t<div class=\"elementor-element elementor-element-682a380 elementor-widget elementor-widget-button\" data-id=\"682a380\" data-element_type=\"widget\" data-widget_type=\"button.default\">\n\t\t\t\t<div class=\"elementor-widget-container\">\n\t\t\t\t\t<div class=\"elementor-button-wrapper\">\n\t\t\t<a class=\"elementor-button elementor-button-link elementor-size-sm\" href=\"https:\/\/multitrav-est.fr\/index.php\/contact\/\">\n\t\t\t\t\t\t<span class=\"elementor-button-content-wrapper\">\n\t\t\t\t\t\t\t\t\t<span class=\"elementor-button-text\">Contact<\/span>\n\t\t\t\t\t<\/span>\n\t\t\t\t\t<\/a>\n\t\t<\/div>\n\t\t\t\t<\/div>\n\t\t\t\t<\/div>\n\t\t\t\t<\/div>\n\t\t\t\t<\/div>\n\t\t\t\t\t<\/div>\n\t\t\t\t<\/div>\n\t\t\t\t<section class=\"elementor-section elementor-top-section elementor-element elementor-element-853acaf elementor-section-full_width c__map elementor-section-height-default elementor-section-height-default\" data-id=\"853acaf\" data-element_type=\"section\">\n\t\t\t\t\t\t<div class=\"elementor-container elementor-column-gap-custom\">\n\t\t\t\t\t<div class=\"elementor-column elementor-col-100 elementor-top-column elementor-element elementor-element-b5d7572\" data-id=\"b5d7572\" data-element_type=\"column\">\n\t\t\t<div class=\"elementor-widget-wrap elementor-element-populated\">\n\t\t\t\t\t\t<div class=\"elementor-element elementor-element-ea4e03b elementor-widget elementor-widget-google_maps\" data-id=\"ea4e03b\" data-element_type=\"widget\" data-widget_type=\"google_maps.default\">\n\t\t\t\t<div class=\"elementor-widget-container\">\n\t\t\t<style>\/*! elementor - v3.23.0 - 05-08-2024 *\/\n.elementor-widget-google_maps .elementor-widget-container{overflow:hidden}.elementor-widget-google_maps .elementor-custom-embed{line-height:0}.elementor-widget-google_maps iframe{height:300px}<\/style>\t\t<div class=\"elementor-custom-embed\">\n\t\t\t<iframe loading=\"lazy\"\n\t\t\t\t\tsrc=\"https:\/\/maps.google.com\/maps?q=1%20rue%20du%20Landsberg%2C%20Hoenheim&#038;t=m&#038;z=12&#038;output=embed&#038;iwloc=near\"\n\t\t\t\t\ttitle=\"1 rue du Landsberg, Hoenheim\"\n\t\t\t\t\taria-label=\"1 rue du Landsberg, Hoenheim\"\n\t\t\t><\/iframe>\n\t\t<\/div>\n\t\t\t\t<\/div>\n\t\t\t\t<\/div>\n\t\t\t\t\t<\/div>\n\t\t<\/div>\n\t\t\t\t\t<\/div>\n\t\t<\/section>\n\t\t\t\t<\/div>\n\t\t","protected":false},"excerpt":{"rendered":"<p>Red\u00e9finir&nbsp;vos espacesavec vie et passion. A propos Multitrav&#8217;Est, sp\u00e9cialiste de la r\u00e9novation int\u00e9rieure depuis plus de 20 ans, est une entreprise qui place la qualit\u00e9 et le soin du d\u00e9tail au c\u0153ur de chaque projet. Install\u00e9s \u00e0 Strasbourg, nous intervenons dans tout le Bas-Rhin. Nous transformons vos espaces de vie&#8230; <\/p>\n<div class=\"readmore\"><a href=\"https:\/\/multitrav-est.fr\/index.php\/about\/\" class=\"btn-link\">Read more<\/a><\/div>\n","protected":false},"author":1,"featured_media":0,"parent":0,"menu_order":0,"comment_status":"closed","ping_status":"closed","template":"template-elementor-default.php","meta":{"_acf_changed":false,"footnotes":""},"class_list":["post-246","page","type-page","status-publish","hentry"],"acf":[],"_links":{"self":[{"href":"https:\/\/multitrav-est.fr\/index.php\/wp-json\/wp\/v2\/pages\/246","targetHints":{"allow":["GET"]}}],"collection":[{"href":"https:\/\/multitrav-est.fr\/index.php\/wp-json\/wp\/v2\/pages"}],"about":[{"href":"https:\/\/multitrav-est.fr\/index.php\/wp-json\/wp\/v2\/types\/page"}],"author":[{"embeddable":true,"href":"https:\/\/multitrav-est.fr\/index.php\/wp-json\/wp\/v2\/users\/1"}],"replies":[{"embeddable":true,"href":"https:\/\/multitrav-est.fr\/index.php\/wp-json\/wp\/v2\/comments?post=246"}],"version-history":[{"count":49,"href":"https:\/\/multitrav-est.fr\/index.php\/wp-json\/wp\/v2\/pages\/246\/revisions"}],"predecessor-version":[{"id":2194,"href":"https:\/\/multitrav-est.fr\/index.php\/wp-json\/wp\/v2\/pages\/246\/revisions\/2194"}],"wp:attachment":[{"href":"https:\/\/multitrav-est.fr\/index.php\/wp-json\/wp\/v2\/media?parent=246"}],"curies":[{"name":"wp","href":"https:\/\/api.w.org\/{rel}","templated":true}]}}